{"id":8517,"date":"2018-09-01T21:42:05","date_gmt":"2018-09-01T19:42:05","guid":{"rendered":"https:\/\/www.yogaincentro.it\/testi-il-silenzio\/"},"modified":"2018-12-05T17:32:56","modified_gmt":"2018-12-05T16:32:56","slug":"testi-il-silenzio","status":"publish","type":"page","link":"https:\/\/www.yogaincentro.it\/en\/testi-il-silenzio\/","title":{"rendered":"Testi &#8211; Il silenzio"},"content":{"rendered":"<div class=\"bt_bb_wrapper\"><section id=\"bt_section69f717f43ae8d\" data-parallax=\"0.9\" data-parallax-offset=\"0\" class=\"boldSection topSpaced bottomLargeSpaced gutter inherit btParallax btBackgroundOverlay btSolidLightBackground\" style=\"background-color:#f1f1f1;\"><div class=\"port\"><div class=\"boldCell\"><div class=\"boldCellInner\"><div class=\"boldRow \" ><div class=\"boldRowInner\"><div class=\"rowItem col-md-8 col-ms-12 btTextLeft animate animate-fadein inherit\"  data-width=\"8\"><div class=\"rowItemContent\" ><header class=\"header btClear extralarge  btHeaderAccent2\" ><div class=\"btSuperTitle\"><span>TESTI SULLO YOGA<\/span><\/div><div class=\"dash\"><h1><span class=\"headline\">Il silenzio<\/span><\/h1><\/div><div class=\"btSubTitle\">da Bliss Divine, Swami Sivananda<\/div><\/header><\/div><\/div><div class=\"rowItem col-md-4 col-ms-12 btTextLeft\"  data-width=\"4\"><div class=\"rowItemContent\" ><\/div><\/div><\/div><\/div><div class=\"boldRow \" ><div class=\"boldRowInner\"><div class=\"rowItem col-md-12 col-ms-12  btTextLeft\"  data-width=\"12\"><div class=\"rowItemContent\" ><div class=\"btClear btSeparator topSpaced noBorder\" ><hr><\/div><\/div><\/div><\/div><\/div><div class=\"boldRow \" ><div class=\"boldRowInner\"><div class=\"rowItem col-md-12 col-ms-12  btTextLeft animate animate-fadein animate-moveleft btMiddleVertical btDoublePadding\" style=\"background-color: rgba(255, 255, 255, 1); \" data-width=\"12\"><div class=\"rowItemContent\" ><div class=\"btClear btSeparator topSemiSpaced noBorder\" ><hr><\/div><div class=\"btText\" ><p>Un giorno Bhaskali, discepolo di Bhava, avvicin\u00f2 il suo guru e gli domand\u00f2 dove si trovasse l\u2019Eterno, il Supremo Infinito, il Brahman delle Upanishad. Il maestro non rispose. Il discepolo lo chiese pi\u00f9 volte ma questi continuava a non rispondere rimanendo completamente in silenzio. Infine il maestro disse: \u2018Ti ho risposto pi\u00f9 volte, ma tu non mi capisci. Cosa debbo fare? Quel Brahaman, l\u2019Infinito, l\u2019Eterno non possono essere spiegati, ma solo conosciuti nel pi\u00f9 profondo dei silenzi. Non vi \u00e8 nessun altro luogo dove Egli possa dimorare se non in quel silenzio profondo e eterno. Ayam Atma Santah. Questo Atman \u00e8 Silenzio\u2019.<\/p>\n<p>Dio, o Brahman, \u00e8 Silenzio Supremo. L\u2019Anima \u00e8 Silenzio. La Pace \u00e8 Silenzio. L\u2019Atman \u00e8 Silenzio. Il Silenzio \u00e8 il linguaggio di Brahman. Il Silenzio \u00e8 il linguaggio del cuore, il linguaggio del saggio. Nel Silenzio vi \u00e8 immensa forza. Il Silenzio \u00e8 immensa eloquenza.<\/p>\n<p>Il Silenzio \u00e8 Dio. Il Silenzio \u00e8 il substrato di questo corpo, della mente, del Prana e dei sensi. Il Silenzio fa da sottofondo a questo universo dei sensi. Il Silenzio \u00e8 potere. Il Silenzio \u00e8 una forza vivente. Il Silenzio \u00e8 la sola realt\u00e0.<br \/>\nLa pace al di l\u00e0 di ogni comprensione \u00e8 Silenzio. L\u2019obiettivo della vita \u00e8 il Silenzio. Lo scopo della vita \u00e8 il Silenzio. Il fine della tua esistenza \u00e8 il Silenzio. Il Silenzio \u00e8 l\u2019anima recondita che sta dietro a tutti i suoni e rumori. Il Silenzio \u00e8 il tuo vero nome. Il Silenzio \u00e8 esperienza intuitiva. Il Silenzio aiuta il s\u00e9 intuitivo a esprimere s\u00e9 stesso. Immergersi nel Silenzio \u00e8 diventare Dio. Il messaggio del Sahara \u00e8 silenzio. Il messaggio dell\u2019Himalaia \u00e8 silenzio. [\u2026] Quando il cuore \u00e8 colmo di gioia, c\u2019\u00e8 silenzio. Chi \u00e8 in grado di descrivere la gloria del silenzio?<br \/>\nNon c\u2019\u00e8 balsamo pi\u00f9 efficace del silenzio per guarire chi ha il cuore infranto da fallimenti, delusioni o perdite. Non esiste panacea migliore del silenzio per rassicurare chi hai i nervi a pezzi a causa di una vita agitata, di frequenti attriti e di discussioni domestiche.<\/p>\n<p>Nel sonno profondo sei in stretto contatto con questo stupendo Silenzio, ma con il velo di Avidya, dell\u2019ignoranza originaria. Il silenzio di cui fai esperienza durante il sonno profondo o in mezzo alla notte \u00e8 un\u2019indicazione dell\u2019esistenza di quell\u2019Oceano di Silenzio, dell\u2019esistenza di Brahman.<\/p>\n<p>L\u2019idea comune di silenzio \u00e8 lo stare seduti senza parlare con nessuno [\u2026]. Se non permettiamo agli occhi di vedere gli oggetti e se li ritraiamo dagli oggetti con la pratica di Pratyahara o Dama, questo \u00e8 silenzio per quel particolare senso, per l\u2019occhio. Se non permettiamo alle orecchie di udire i suoni, abbiamo il silenzio di quel particolare senso (Indriya).<br \/>\nMa quello che vogliamo veramente \u00e8 il silenzio della mente effervescente. Puoi osservare un voto di silenzio ma la mente continua a costruire immagini [\u2026] Com\u2019\u00e8 possibile quindi godere adesso di vera pace o silenzio? L\u2019intelletto dovrebbe smettere di funzionare. [\u2026] .Tutte le onde della mente dovrebbero cessare completamente e la mente dovrebbe riposare in quell\u2019Oceano di Silenzio che \u00e8 Brahman.<\/p>\n<p>Cerca di diventare un uomo misurato nel parlare. Evita di parlare troppo, di vantarti, di esagerare, evita di parlare quando non \u00e8 necessario, evita tutte le discussioni e i dibattiti inutili e allontanati dalla societ\u00e0 il pi\u00f9 possibile. Questo \u00e8 Mauna (voto di silenzio). Parlare troppo per 6 mesi e poi osservare il voto di silenzio per il resto dell\u2019anno non serve a nulla.<br \/>\nMisura ogni parola. Questa \u00e8 la pi\u00f9 grande disciplina. Le parole sono potenti. Usale con cautela. Controlla il parlare. Non permettere alla lingua di perdere ogni freno. Controlla le parole prima che varchino le labbra. Parla poco. Impara a rimanere in silenzio. Le parole altisonanti sfiniscono la lingua e non rappresentano altro che stanchezza del linguaggio. Usa parole semplici e risparmia energia. Risparmia le parole e usale per lodare Dio. Dedica sempre pi\u00f9 tempo a una vita interiore di meditazione, di riflessione e di canto delle lodi di Dio.<\/p>\n<p>Purifica la mente e medita. Rimani immobile e riconosci che sei Dio. Calma la mente. Metti a tacere i pensieri effervescenti e le emozioni al loro insorgere. Immergiti nei recessi pi\u00f9 profondi del tuo cuore e goditi il Silenzio generoso. Misterioso \u00e8 questo Silenzio. Entra nel Silenzio. Conosci il Silenzio. Diventa il Silenzio stesso. Diventa un Maha Mauni. Realizza Dio qui e ora.<\/p>\n<\/div><\/div><\/div><\/div><\/div><div class=\"boldRow \" ><div class=\"boldRowInner\"><div class=\"rowItem col-md-12 col-ms-12  btTextLeft\"  data-width=\"12\"><div class=\"rowItemContent\" ><div class=\"btClear btSeparator topSpaced noBorder\" ><hr><\/div><\/div><\/div><\/div><\/div><\/div><\/div><\/div><\/section><\/div>","protected":false},"excerpt":{"rendered":"","protected":false},"author":6,"featured_media":0,"parent":0,"menu_order":0,"comment_status":"closed","ping_status":"closed","template":"","meta":[],"yoast_head":"<!-- This site is optimized with the Yoast SEO plugin v18.1 - https:\/\/yoast.com\/wordpress\/plugins\/seo\/ -->\n<title>Testi - Il silenzio - Yoga in centro - Firenze<\/title>\n<meta name=\"robots\" content=\"index, follow, max-snippet:-1, max-image-preview:large, max-video-preview:-1\" \/>\n<link rel=\"canonical\" href=\"https:\/\/www.yogaincentro.it\/en\/testi-il-silenzio\/\" \/>\n<meta property=\"og:locale\" content=\"en_US\" \/>\n<meta property=\"og:type\" content=\"article\" \/>\n<meta property=\"og:title\" content=\"Testi - Il silenzio - Yoga in centro - Firenze\" \/>\n<meta property=\"og:url\" content=\"https:\/\/www.yogaincentro.it\/en\/testi-il-silenzio\/\" \/>\n<meta property=\"og:site_name\" content=\"Yoga in centro - Firenze\" \/>\n<meta property=\"article:publisher\" content=\"http:\/\/facebook.yogaincentro.it\/\" \/>\n<meta property=\"article:modified_time\" content=\"2018-12-05T16:32:56+00:00\" \/>\n<meta name=\"twitter:card\" content=\"summary_large_image\" \/>\n<meta name=\"twitter:label1\" content=\"Est. reading time\" \/>\n\t<meta name=\"twitter:data1\" content=\"5 minutes\" \/>\n<script type=\"application\/ld+json\" class=\"yoast-schema-graph\">{\"@context\":\"https:\/\/schema.org\",\"@graph\":[{\"@type\":\"Organization\",\"@id\":\"https:\/\/www.yogaincentro.it\/#organization\",\"name\":\"Yoga in Centro\",\"url\":\"https:\/\/www.yogaincentro.it\/\",\"sameAs\":[\"http:\/\/facebook.yogaincentro.it\/\",\"http:\/\/www.youtube.com\/user\/sivanandayogafirenze\"],\"logo\":{\"@type\":\"ImageObject\",\"@id\":\"https:\/\/www.yogaincentro.it\/#logo\",\"inLanguage\":\"en-US\",\"url\":\"https:\/\/www.yogaincentro.it\/wp-content\/uploads\/2018\/08\/logo-yogaincentro-nologo-300.png\",\"contentUrl\":\"https:\/\/www.yogaincentro.it\/wp-content\/uploads\/2018\/08\/logo-yogaincentro-nologo-300.png\",\"width\":300,\"height\":24,\"caption\":\"Yoga in Centro\"},\"image\":{\"@id\":\"https:\/\/www.yogaincentro.it\/#logo\"}},{\"@type\":\"WebSite\",\"@id\":\"https:\/\/www.yogaincentro.it\/#website\",\"url\":\"https:\/\/www.yogaincentro.it\/\",\"name\":\"Yoga in centro - Firenze\",\"description\":\"Corsi di yoga a Firenze\",\"publisher\":{\"@id\":\"https:\/\/www.yogaincentro.it\/#organization\"},\"potentialAction\":[{\"@type\":\"SearchAction\",\"target\":{\"@type\":\"EntryPoint\",\"urlTemplate\":\"https:\/\/www.yogaincentro.it\/?s={search_term_string}\"},\"query-input\":\"required name=search_term_string\"}],\"inLanguage\":\"en-US\"},{\"@type\":\"WebPage\",\"@id\":\"https:\/\/www.yogaincentro.it\/en\/testi-il-silenzio\/#webpage\",\"url\":\"https:\/\/www.yogaincentro.it\/en\/testi-il-silenzio\/\",\"name\":\"Testi - Il silenzio - Yoga in centro - Firenze\",\"isPartOf\":{\"@id\":\"https:\/\/www.yogaincentro.it\/#website\"},\"datePublished\":\"2018-09-01T19:42:05+00:00\",\"dateModified\":\"2018-12-05T16:32:56+00:00\",\"breadcrumb\":{\"@id\":\"https:\/\/www.yogaincentro.it\/en\/testi-il-silenzio\/#breadcrumb\"},\"inLanguage\":\"en-US\",\"potentialAction\":[{\"@type\":\"ReadAction\",\"target\":[\"https:\/\/www.yogaincentro.it\/en\/testi-il-silenzio\/\"]}]},{\"@type\":\"BreadcrumbList\",\"@id\":\"https:\/\/www.yogaincentro.it\/en\/testi-il-silenzio\/#breadcrumb\",\"itemListElement\":[{\"@type\":\"ListItem\",\"position\":1,\"name\":\"Home\",\"item\":\"https:\/\/www.yogaincentro.it\/en\/\"},{\"@type\":\"ListItem\",\"position\":2,\"name\":\"Testi &#8211; Il silenzio\"}]}]}<\/script>\n<!-- \/ Yoast SEO plugin. -->","yoast_head_json":{"title":"Testi - Il silenzio - Yoga in centro - Firenze","robots":{"index":"index","follow":"follow","max-snippet":"max-snippet:-1","max-image-preview":"max-image-preview:large","max-video-preview":"max-video-preview:-1"},"canonical":"https:\/\/www.yogaincentro.it\/en\/testi-il-silenzio\/","og_locale":"en_US","og_type":"article","og_title":"Testi - Il silenzio - Yoga in centro - Firenze","og_url":"https:\/\/www.yogaincentro.it\/en\/testi-il-silenzio\/","og_site_name":"Yoga in centro - Firenze","article_publisher":"http:\/\/facebook.yogaincentro.it\/","article_modified_time":"2018-12-05T16:32:56+00:00","twitter_card":"summary_large_image","twitter_misc":{"Est. reading time":"5 minutes"},"schema":{"@context":"https:\/\/schema.org","@graph":[{"@type":"Organization","@id":"https:\/\/www.yogaincentro.it\/#organization","name":"Yoga in Centro","url":"https:\/\/www.yogaincentro.it\/","sameAs":["http:\/\/facebook.yogaincentro.it\/","http:\/\/www.youtube.com\/user\/sivanandayogafirenze"],"logo":{"@type":"ImageObject","@id":"https:\/\/www.yogaincentro.it\/#logo","inLanguage":"en-US","url":"https:\/\/www.yogaincentro.it\/wp-content\/uploads\/2018\/08\/logo-yogaincentro-nologo-300.png","contentUrl":"https:\/\/www.yogaincentro.it\/wp-content\/uploads\/2018\/08\/logo-yogaincentro-nologo-300.png","width":300,"height":24,"caption":"Yoga in Centro"},"image":{"@id":"https:\/\/www.yogaincentro.it\/#logo"}},{"@type":"WebSite","@id":"https:\/\/www.yogaincentro.it\/#website","url":"https:\/\/www.yogaincentro.it\/","name":"Yoga in centro - Firenze","description":"Corsi di yoga a Firenze","publisher":{"@id":"https:\/\/www.yogaincentro.it\/#organization"},"potentialAction":[{"@type":"SearchAction","target":{"@type":"EntryPoint","urlTemplate":"https:\/\/www.yogaincentro.it\/?s={search_term_string}"},"query-input":"required name=search_term_string"}],"inLanguage":"en-US"},{"@type":"WebPage","@id":"https:\/\/www.yogaincentro.it\/en\/testi-il-silenzio\/#webpage","url":"https:\/\/www.yogaincentro.it\/en\/testi-il-silenzio\/","name":"Testi - Il silenzio - Yoga in centro - Firenze","isPartOf":{"@id":"https:\/\/www.yogaincentro.it\/#website"},"datePublished":"2018-09-01T19:42:05+00:00","dateModified":"2018-12-05T16:32:56+00:00","breadcrumb":{"@id":"https:\/\/www.yogaincentro.it\/en\/testi-il-silenzio\/#breadcrumb"},"inLanguage":"en-US","potentialAction":[{"@type":"ReadAction","target":["https:\/\/www.yogaincentro.it\/en\/testi-il-silenzio\/"]}]},{"@type":"BreadcrumbList","@id":"https:\/\/www.yogaincentro.it\/en\/testi-il-silenzio\/#breadcrumb","itemListElement":[{"@type":"ListItem","position":1,"name":"Home","item":"https:\/\/www.yogaincentro.it\/en\/"},{"@type":"ListItem","position":2,"name":"Testi &#8211; Il silenzio"}]}]}},"_links":{"self":[{"href":"https:\/\/www.yogaincentro.it\/en\/wp-json\/wp\/v2\/pages\/8517"}],"collection":[{"href":"https:\/\/www.yogaincentro.it\/en\/wp-json\/wp\/v2\/pages"}],"about":[{"href":"https:\/\/www.yogaincentro.it\/en\/wp-json\/wp\/v2\/types\/page"}],"author":[{"embeddable":true,"href":"https:\/\/www.yogaincentro.it\/en\/wp-json\/wp\/v2\/users\/6"}],"replies":[{"embeddable":true,"href":"https:\/\/www.yogaincentro.it\/en\/wp-json\/wp\/v2\/comments?post=8517"}],"version-history":[{"count":1,"href":"https:\/\/www.yogaincentro.it\/en\/wp-json\/wp\/v2\/pages\/8517\/revisions"}],"predecessor-version":[{"id":8518,"href":"https:\/\/www.yogaincentro.it\/en\/wp-json\/wp\/v2\/pages\/8517\/revisions\/8518"}],"wp:attachment":[{"href":"https:\/\/www.yogaincentro.it\/en\/wp-json\/wp\/v2\/media?parent=8517"}],"curies":[{"name":"wp","href":"https:\/\/api.w.org\/{rel}","templated":true}]}}