{"id":8523,"date":"2018-09-01T21:40:59","date_gmt":"2018-09-01T19:40:59","guid":{"rendered":"https:\/\/www.yogaincentro.it\/testi-la-vita\/"},"modified":"2018-12-05T17:34:50","modified_gmt":"2018-12-05T16:34:50","slug":"testi-la-vita","status":"publish","type":"page","link":"https:\/\/www.yogaincentro.it\/en\/testi-la-vita\/","title":{"rendered":"Testi &#8211; La vita"},"content":{"rendered":"<div class=\"bt_bb_wrapper\"><section id=\"bt_section69f4e0e341016\" data-parallax=\"0.9\" data-parallax-offset=\"0\" class=\"boldSection topSpaced bottomLargeSpaced gutter inherit btParallax btBackgroundOverlay btSolidLightBackground\" style=\"background-color:#f1f1f1;\"><div class=\"port\"><div class=\"boldCell\"><div class=\"boldCellInner\"><div class=\"boldRow \" ><div class=\"boldRowInner\"><div class=\"rowItem col-md-8 col-ms-12 btTextLeft animate animate-fadein inherit\"  data-width=\"8\"><div class=\"rowItemContent\" ><header class=\"header btClear extralarge  btHeaderAccent2\" ><div class=\"btSuperTitle\"><span>TESTI SULLO YOGA<\/span><\/div><div class=\"dash\"><h1><span class=\"headline\">La vita<\/span><\/h1><\/div><div class=\"btSubTitle\">da Bliss Divine, Swami Sivananda<\/div><\/header><\/div><\/div><div class=\"rowItem col-md-4 col-ms-12 btTextLeft\"  data-width=\"4\"><div class=\"rowItemContent\" ><\/div><\/div><\/div><\/div><div class=\"boldRow \" ><div class=\"boldRowInner\"><div class=\"rowItem col-md-12 col-ms-12  btTextLeft\"  data-width=\"12\"><div class=\"rowItemContent\" ><div class=\"btClear btSeparator topSpaced noBorder\" ><hr><\/div><\/div><\/div><\/div><\/div><div class=\"boldRow \" ><div class=\"boldRowInner\"><div class=\"rowItem col-md-12 col-ms-12  btTextLeft animate animate-fadein animate-moveleft btMiddleVertical btDoublePadding\" style=\"background-color: rgba(255, 255, 255, 1); \" data-width=\"12\"><div class=\"rowItemContent\" ><div class=\"btClear btSeparator topSemiSpaced noBorder\" ><hr><\/div><div class=\"btText\" ><p>La vita \u00e8 Dio che si esprime. La vita \u00e8 gioia. La vita \u00e8 essere colmi della beatitudine dello Spirito. La vita \u00e8 un flusso di consapevolezza. La vita vibra in ogni atomo. C\u2019\u00e8 vita ovunque. La materia inanimata non esiste. C\u2019\u00e8 vita anche in un sasso.<\/p>\n<p>Tutta la materia vibra di vita. Tutto ci\u00f2 \u00e8 stato provato in modo certo dalla scienza moderna.<\/p>\n<p>La vita \u00e8 un viaggio nell\u2019oceano infinito del tempo dove gli scenari cambiano di continuo. La vita \u00e8 un viaggio dall\u2019impurit\u00e0 alla purezza, dall\u2019odio all\u2019amore cosmico, dalla morte all\u2019immortalit\u00e0, dall\u2019imperfezione alla perfezione, dalla schiavit\u00f9 alla libert\u00e0, dalla diversit\u00e0 all\u2019unit\u00e0, dall\u2019ignoranza alla saggezza eterna, dal dolore alla beatitudine eterna, dalla debolezza alla forza infinita. La vita \u00e8 una grande opportunit\u00e0 che il Signore offre ai suoi figli per ritornare a Lui.<\/p>\n<p>La vita \u00e8 servizio e sacrificio. La vita \u00e8 amore. La vita \u00e8 relazione. La vita \u00e8 poesia, ma non prosa. La vita \u00e8 arte e immaginazione, ma non scienza. La vita \u00e8 devozione.<\/p>\n<p>Siamo come dei pellegrini di passaggio. La nostra meta \u00e8 Dio. Siamo tutti alla ricerca di un\u2019eredit\u00e0 perduta, di un patrimonio dimenticato. La scopo centrale della vita e di diventare consapevoli della nostra unit\u00e0 con Dio. La vita non ha significato come vita separata, ma solo quando \u00e8 colma della totalit\u00e0, quando l\u2019anima individuale si unisce all\u2019Anima Suprema.<\/p>\n<p>Il vero scopo della vita \u00e8 di far ritorno alla sorgente da cui proveniamo. Come i fiumi che scorrono incessantemente fino a raggiungere l\u2019oceano, sorgente ultima delle loro acque, come il fuoco che salta e brucia con ardore finch\u00e9 si unisce alla propria origine, cos\u00ec noi siamo irrequieti su questa terra finch\u00e9 non otteniamo la Sua grazia e ci uniamo a Lui.<\/p>\n<p>[\u2026] Lo scopo della vita \u00e8 perdere il senso di finitezza e di unirci al Signore. La meta suprema \u00e8 il raggiungimento della Vita Infinita.<\/p>\n<p>La vita nello Spirito \u00e8 la sola vera e eterna vita. La vita moderna vissuta di fretta e con ansia, piena di paure, insicurezze, malattie e tensioni, non \u00e8 vera vita. Lo scopo della vita non \u00e8 il lusso, la ricchezza e il potere. Una vita cos\u00ec non porta pace alla mente e serenit\u00e0 all\u2019anima.<\/p>\n<p>Una vita basata solo sulle esperienze dei sensi non vale la pena di essere vissuta. I piaceri dei sensi sono come miele mischiato a un veleno mortale [\u2026] perch\u00e9 si accompagnano a vari difetti, peccati, attaccamenti, brutte abitudini e irrequietezza mentale.<\/p>\n<p>[\u2026] La vita terrena \u00e8 piena di tristezza, di dolori e di legami. [\u2026] Tutti gli oggetti sono ricoperti da un piccolo piacere immaginario, come se fossero dorati. In realt\u00e0 per\u00f2 la vita si riduce solo a orpelli e a ombra. Dietro la copertura di zucchero c\u2019\u00e8 l\u2019amaro chinino. Dietro la doratura c\u2019\u00e8 solo ottone. Dietro ai cosiddetti piaceri c\u2019\u00e8 solo dolore, infelicit\u00e0 e sofferenza. La vita su questa terra \u00e8 piena di paure, attaccamenti e tribolazioni.<\/p>\n<p>[\u2026] Per chi vive nell\u2019Eterno, invece, la vita \u00e8 abbondante. \u00c8 una vita interiore, ricca e spirituale. \u00c8 una vita senza afflizioni n\u00e9 dolori, piena, perfetta e indipendente, colma di saggezza e di beatitudine eterna. La vita nell\u2019Eterno pervade tutto l\u2019universo ed \u00e8 immutabile. [\u2026] Abbracciate anche voi la vita nell\u2019Anima, diventerete puri e liberi.<\/p>\n<p>[\u2026] Vivere vuol dire lottare per un ideale. La vita \u00e8 una battaglia per raggiungere la pienezza e la perfezione; \u00e8 una battaglia per l\u2019indipendenza suprema. La vita \u00e8 lotta e resistenza. La vita \u00e8 una serie di conquiste. L\u2019uomo evolve, cresce, si espande superando gli ostacoli accumula esperienza. La vita e la societ\u00e0 non possono esistere senza contrasti o lotte. Se volete continuare a vivere \u00e8 inevitabile lottare. Nel momento in cui smettete di lottare non esiterete pi\u00f9.<br \/>\nLottate con coraggio contro i nemici interiori sul campo di battaglia del vostro cuore.<\/p>\n<p>[\u2026] Affermate la vostra natura divina, la vostra capacit\u00e0 di controllare la vostra natura pi\u00f9 bassa. Questo \u00e8 il vostro dovere pi\u00f9 importante. Tuttavia, ci\u00f2 non vuol dire ignorare la vita sul piano fisico. Anche la materia \u00e8 espressione di Dio, della sua Lila (danza). Materia e spirito sono inseparabili, come il fuoco e il calore, come il freddo e il ghiaccio, come il fiore e il suo profumo. [\u2026] La vita \u00e8 una grande scuola per apprendere molte lezioni utili, per lo sviluppo del carattere e delle virt\u00f9 divine. La vita \u00e8 una scuola in cui tutti i dolori, tutte le sofferenze, tutte le afflizioni portano con s\u00e9 un insegnamento prezioso. La vita sulla terra \u00e8 lo strumento per perfezionarsi.<\/p>\n<p>Vivete in modo semplice, senza pretese. Non vivete per mangiare, ma mangiate per vivere. Non siate invidiosi. Non diffamate nessuno. Non mentite. Non ingannate nessuno. Non siate maligni. Solo cos\u00ec sarete sempre felici, contenti e in pace con voi stessi.<\/p>\n<p>[\u2026] Il sale della vita \u00e8 il servizio disinteressato. Il pane della vita \u00e8 l\u2019amore universale. La vita non \u00e8 pienamente vissuta n\u00e9 pienamente realizzata se non servite e amate tutta l\u2019umanit\u00e0. Il segreto della vera vita \u00e8 nell\u2019amore di Dio e nel servizio dell\u2019umanit\u00e0. Vivete per aiutare gli altri e il potere divino fluir\u00e0 attraverso di voi sotto forma di energia vitale.<br \/>\nServite, amate, date, purificate, meditate. Il vostro cammino vi porter\u00e0 a una nuova dimensione di beatitudine infinita. Scoprirete tesori luminosi. Riscoprirete Dio. Sarete forti, sani, liberi, belli, felici e pacifici. Sarete fonte di ispirazione per tutti quelli le cui vite toccherete.<\/p>\n<p>[\u2026] Vivete una vita semplice e regolata. Impegnatevi nella vita e trattate ogni giorno come se fosse l\u2019ultimo, utilizzate ogni secondo per pregare, meditare e servire gli altri. La vita diventer\u00e0 un continuo sacrificio a Dio.<br \/>\nVivete nel presente, dimenticatevi il passato, abbandonate le speranze per il futuro. Cercate di comprendere a fondo il significato della vita e poi iniziate la vostra ricerca. La vita \u00e8 il dono pi\u00f9 grande. Non sprecate nemmeno un secondo. Spesso il successo arriva a chi osa e agisce, raramente bacia i timidi.<\/p>\n<p>Guardate la vita nella sua interezza, nella sua globalit\u00e0. Tutta la vita \u00e8 una.<\/p>\n<p>[\u2026] Il Signore respira in tutte le forme di vita. Tutto \u00e8 uno. Il mondo \u00e8 una sola casa. Siamo tutti membri della famiglia umana. Tutta la creazione \u00e8 un insieme organico. Nessun uomo \u00e8 indipendente dal tutto. L\u2019uomo crea la propria infelicit\u00e0 separandosi dagli altri. La separazione \u00e8 morte, l\u2019Unit\u00e0 \u00e8 la vita eterna.<br \/>\nColtivate l\u2019amore cosmico. [\u2026] Proteggete gli animali. Fate in modo che tutte le forme di vita siano sacre, solo cos\u00ec questo mondo diventer\u00e0 un paradiso di bellezza, di pace e di tranquillit\u00e0.<\/p>\n<p>Sorridete con i fiori e con l\u2019erba verde. Giocate con le farfalle, gli uccelli e i cerbiatti. Date la mano ai cespugli, alle felci e ai rami degli alberi. Parlate con l\u2019arcobaleno, col vento, con le stelle e con il sole. Chiacchierate con i ruscelli che scorrono e con le onde del mare. Parlate con il bastone da passeggio. Diventate amici dei vostri vicini, dei cani, dei gatti, delle mucche, degli esseri umani, degli alberi e dei fiori. Cos\u00ec la vostra vita sar\u00e0 grande, perfetta e piena. Realizzerete l\u2019unit\u00e0 della vita. Non ci sono parole per descrivere ci\u00f2, dovrete provarlo in prima persona.<\/p>\n<\/div><\/div><\/div><\/div><\/div><div class=\"boldRow \" ><div class=\"boldRowInner\"><div class=\"rowItem col-md-12 col-ms-12  btTextLeft\"  data-width=\"12\"><div class=\"rowItemContent\" ><div class=\"btClear btSeparator topSpaced noBorder\" ><hr><\/div><\/div><\/div><\/div><\/div><\/div><\/div><\/div><\/section><\/div>","protected":false},"excerpt":{"rendered":"","protected":false},"author":6,"featured_media":0,"parent":0,"menu_order":0,"comment_status":"closed","ping_status":"closed","template":"","meta":[],"yoast_head":"<!-- This site is optimized with the Yoast SEO plugin v18.1 - https:\/\/yoast.com\/wordpress\/plugins\/seo\/ -->\n<title>Testi - La vita - Yoga in centro - Firenze<\/title>\n<meta name=\"robots\" content=\"index, follow, max-snippet:-1, max-image-preview:large, max-video-preview:-1\" \/>\n<link rel=\"canonical\" href=\"https:\/\/www.yogaincentro.it\/en\/testi-la-vita\/\" \/>\n<meta property=\"og:locale\" content=\"en_US\" \/>\n<meta property=\"og:type\" content=\"article\" \/>\n<meta property=\"og:title\" content=\"Testi - La vita - Yoga in centro - Firenze\" \/>\n<meta property=\"og:url\" content=\"https:\/\/www.yogaincentro.it\/en\/testi-la-vita\/\" \/>\n<meta property=\"og:site_name\" content=\"Yoga in centro - Firenze\" \/>\n<meta property=\"article:publisher\" content=\"http:\/\/facebook.yogaincentro.it\/\" \/>\n<meta property=\"article:modified_time\" content=\"2018-12-05T16:34:50+00:00\" \/>\n<meta name=\"twitter:card\" content=\"summary_large_image\" \/>\n<meta name=\"twitter:label1\" content=\"Est. reading time\" \/>\n\t<meta name=\"twitter:data1\" content=\"7 minutes\" \/>\n<script type=\"application\/ld+json\" class=\"yoast-schema-graph\">{\"@context\":\"https:\/\/schema.org\",\"@graph\":[{\"@type\":\"Organization\",\"@id\":\"https:\/\/www.yogaincentro.it\/#organization\",\"name\":\"Yoga in Centro\",\"url\":\"https:\/\/www.yogaincentro.it\/\",\"sameAs\":[\"http:\/\/facebook.yogaincentro.it\/\",\"http:\/\/www.youtube.com\/user\/sivanandayogafirenze\"],\"logo\":{\"@type\":\"ImageObject\",\"@id\":\"https:\/\/www.yogaincentro.it\/#logo\",\"inLanguage\":\"en-US\",\"url\":\"https:\/\/www.yogaincentro.it\/wp-content\/uploads\/2018\/08\/logo-yogaincentro-nologo-300.png\",\"contentUrl\":\"https:\/\/www.yogaincentro.it\/wp-content\/uploads\/2018\/08\/logo-yogaincentro-nologo-300.png\",\"width\":300,\"height\":24,\"caption\":\"Yoga in Centro\"},\"image\":{\"@id\":\"https:\/\/www.yogaincentro.it\/#logo\"}},{\"@type\":\"WebSite\",\"@id\":\"https:\/\/www.yogaincentro.it\/#website\",\"url\":\"https:\/\/www.yogaincentro.it\/\",\"name\":\"Yoga in centro - Firenze\",\"description\":\"Corsi di yoga a Firenze\",\"publisher\":{\"@id\":\"https:\/\/www.yogaincentro.it\/#organization\"},\"potentialAction\":[{\"@type\":\"SearchAction\",\"target\":{\"@type\":\"EntryPoint\",\"urlTemplate\":\"https:\/\/www.yogaincentro.it\/?s={search_term_string}\"},\"query-input\":\"required name=search_term_string\"}],\"inLanguage\":\"en-US\"},{\"@type\":\"WebPage\",\"@id\":\"https:\/\/www.yogaincentro.it\/en\/testi-la-vita\/#webpage\",\"url\":\"https:\/\/www.yogaincentro.it\/en\/testi-la-vita\/\",\"name\":\"Testi - La vita - Yoga in centro - Firenze\",\"isPartOf\":{\"@id\":\"https:\/\/www.yogaincentro.it\/#website\"},\"datePublished\":\"2018-09-01T19:40:59+00:00\",\"dateModified\":\"2018-12-05T16:34:50+00:00\",\"breadcrumb\":{\"@id\":\"https:\/\/www.yogaincentro.it\/en\/testi-la-vita\/#breadcrumb\"},\"inLanguage\":\"en-US\",\"potentialAction\":[{\"@type\":\"ReadAction\",\"target\":[\"https:\/\/www.yogaincentro.it\/en\/testi-la-vita\/\"]}]},{\"@type\":\"BreadcrumbList\",\"@id\":\"https:\/\/www.yogaincentro.it\/en\/testi-la-vita\/#breadcrumb\",\"itemListElement\":[{\"@type\":\"ListItem\",\"position\":1,\"name\":\"Home\",\"item\":\"https:\/\/www.yogaincentro.it\/en\/\"},{\"@type\":\"ListItem\",\"position\":2,\"name\":\"Testi &#8211; La vita\"}]}]}<\/script>\n<!-- \/ Yoast SEO plugin. -->","yoast_head_json":{"title":"Testi - La vita - Yoga in centro - Firenze","robots":{"index":"index","follow":"follow","max-snippet":"max-snippet:-1","max-image-preview":"max-image-preview:large","max-video-preview":"max-video-preview:-1"},"canonical":"https:\/\/www.yogaincentro.it\/en\/testi-la-vita\/","og_locale":"en_US","og_type":"article","og_title":"Testi - La vita - Yoga in centro - Firenze","og_url":"https:\/\/www.yogaincentro.it\/en\/testi-la-vita\/","og_site_name":"Yoga in centro - Firenze","article_publisher":"http:\/\/facebook.yogaincentro.it\/","article_modified_time":"2018-12-05T16:34:50+00:00","twitter_card":"summary_large_image","twitter_misc":{"Est. reading time":"7 minutes"},"schema":{"@context":"https:\/\/schema.org","@graph":[{"@type":"Organization","@id":"https:\/\/www.yogaincentro.it\/#organization","name":"Yoga in Centro","url":"https:\/\/www.yogaincentro.it\/","sameAs":["http:\/\/facebook.yogaincentro.it\/","http:\/\/www.youtube.com\/user\/sivanandayogafirenze"],"logo":{"@type":"ImageObject","@id":"https:\/\/www.yogaincentro.it\/#logo","inLanguage":"en-US","url":"https:\/\/www.yogaincentro.it\/wp-content\/uploads\/2018\/08\/logo-yogaincentro-nologo-300.png","contentUrl":"https:\/\/www.yogaincentro.it\/wp-content\/uploads\/2018\/08\/logo-yogaincentro-nologo-300.png","width":300,"height":24,"caption":"Yoga in Centro"},"image":{"@id":"https:\/\/www.yogaincentro.it\/#logo"}},{"@type":"WebSite","@id":"https:\/\/www.yogaincentro.it\/#website","url":"https:\/\/www.yogaincentro.it\/","name":"Yoga in centro - Firenze","description":"Corsi di yoga a Firenze","publisher":{"@id":"https:\/\/www.yogaincentro.it\/#organization"},"potentialAction":[{"@type":"SearchAction","target":{"@type":"EntryPoint","urlTemplate":"https:\/\/www.yogaincentro.it\/?s={search_term_string}"},"query-input":"required name=search_term_string"}],"inLanguage":"en-US"},{"@type":"WebPage","@id":"https:\/\/www.yogaincentro.it\/en\/testi-la-vita\/#webpage","url":"https:\/\/www.yogaincentro.it\/en\/testi-la-vita\/","name":"Testi - La vita - Yoga in centro - Firenze","isPartOf":{"@id":"https:\/\/www.yogaincentro.it\/#website"},"datePublished":"2018-09-01T19:40:59+00:00","dateModified":"2018-12-05T16:34:50+00:00","breadcrumb":{"@id":"https:\/\/www.yogaincentro.it\/en\/testi-la-vita\/#breadcrumb"},"inLanguage":"en-US","potentialAction":[{"@type":"ReadAction","target":["https:\/\/www.yogaincentro.it\/en\/testi-la-vita\/"]}]},{"@type":"BreadcrumbList","@id":"https:\/\/www.yogaincentro.it\/en\/testi-la-vita\/#breadcrumb","itemListElement":[{"@type":"ListItem","position":1,"name":"Home","item":"https:\/\/www.yogaincentro.it\/en\/"},{"@type":"ListItem","position":2,"name":"Testi &#8211; La vita"}]}]}},"_links":{"self":[{"href":"https:\/\/www.yogaincentro.it\/en\/wp-json\/wp\/v2\/pages\/8523"}],"collection":[{"href":"https:\/\/www.yogaincentro.it\/en\/wp-json\/wp\/v2\/pages"}],"about":[{"href":"https:\/\/www.yogaincentro.it\/en\/wp-json\/wp\/v2\/types\/page"}],"author":[{"embeddable":true,"href":"https:\/\/www.yogaincentro.it\/en\/wp-json\/wp\/v2\/users\/6"}],"replies":[{"embeddable":true,"href":"https:\/\/www.yogaincentro.it\/en\/wp-json\/wp\/v2\/comments?post=8523"}],"version-history":[{"count":1,"href":"https:\/\/www.yogaincentro.it\/en\/wp-json\/wp\/v2\/pages\/8523\/revisions"}],"predecessor-version":[{"id":8524,"href":"https:\/\/www.yogaincentro.it\/en\/wp-json\/wp\/v2\/pages\/8523\/revisions\/8524"}],"wp:attachment":[{"href":"https:\/\/www.yogaincentro.it\/en\/wp-json\/wp\/v2\/media?parent=8523"}],"curies":[{"name":"wp","href":"https:\/\/api.w.org\/{rel}","templated":true}]}}